{"id":46,"date":"2016-11-07T21:05:16","date_gmt":"2016-11-07T21:05:16","guid":{"rendered":"http:\/\/obstgut-bonhausen.de\/?page_id=46"},"modified":"2021-02-05T22:21:09","modified_gmt":"2021-02-05T22:21:09","slug":"datenschutzerklaerung","status":"publish","type":"page","link":"https:\/\/www.obstgut-bonhausen.de\/?page_id=46","title":{"rendered":"Datenschutzerkl\u00e4rung"},"content":{"rendered":"<p>[vc_row type=&#8220;vc_default&#8220; full_width=&#8220;stretch_row_content_no_spaces&#8220; equal_height=&#8220;yes&#8220; margin_top=&#8220;-70px&#8220; full_width_row=&#8220;true&#8220; css=&#8220;.vc_custom_1612563561679{margin-top: -70px !important;}&#8220;][vc_column][vc_single_image image=&#8220;76&#8243; img_size=&#8220;full&#8220; alignment=&#8220;center&#8220;][\/vc_column][\/vc_row][vc_row][vc_column width=&#8220;1\/2&#8243;][vc_custom_heading text=&#8220;Erkl\u00e4rung zum Datenschutz&#8220; font_container=&#8220;tag:h1|text_align:right&#8220; use_theme_fonts=&#8220;yes&#8220; css=&#8220;.vc_custom_1491508799455{padding-bottom: 20px !important;padding-left: 100px !important;}&#8220;][\/vc_column][vc_column width=&#8220;1\/2&#8243; css=&#8220;.vc_custom_1480454734426{padding-right: 60px !important;}&#8220;][vc_column_text]<\/p>\n<h4><\/h4>\n<h4>Allgemeine Datenschutzerkl\u00e4rung<\/h4>\n<p>Durch die Nutzung unserer Website erkl\u00e4ren Sie sich mit der Erhebung, Verarbeitung und Nutzung von Daten gem\u00e4\u00df der nachfolgenden Beschreibung einverstanden. Unsere Website kann grunds\u00e4tzlich ohne Registrierung besucht werden. Dabei werden Daten wie beispielsweise aufgerufene Seiten bzw. Namen der abgerufenen Datei, Datum und Uhrzeit zu statistischen Zwecken auf dem Server gespeichert, ohne dass diese Daten unmittelbar auf Ihre Person bezogen werden. Personenbezogene Daten, insbesondere Name, Adresse oder E-Mail-Adresse werden soweit m\u00f6glich auf freiwilliger Basis erhoben. Ohne Ihre Einwilligung erfolgt keine Weitergabe der Daten an Dritte.<\/p>\n<h4>Datenschutzerkl\u00e4rung f\u00fcr Cookies<\/h4>\n<p>Unsere Website verwendet Cookies. Das sind kleine Textdateien, die es m\u00f6glich machen, auf dem Endger\u00e4t des Nutzers spezifische, auf den Nutzer bezogene Informationen zu speichern, w\u00e4hrend er die Website nutzt. Cookies erm\u00f6glichen es, insbesondere Nutzungsh\u00e4ufigkeit und Nutzeranzahl der Seiten zu ermitteln, Verhaltensweisen der Seitennutzung zu analysieren, aber auch unser Angebot kundenfreundlicher zu gestalten. Cookies bleiben \u00fcber das Ende einer Browser-Sitzung gespeichert und k\u00f6nnen bei einem erneuten Seitenbesuch wieder aufgerufen werden. Wenn Sie das nicht w\u00fcnschen, sollten Sie Ihren Internetbrowser so einstellen, dass er die Annahme von Cookies verweigert.<\/p>\n<h4>Datenschutzerkl\u00e4rung f\u00fcr Google Analytics<\/h4>\n<p>Unsere Website verwendet Google Analytics, einen Webanalysedienst von Google Inc., 1600 Amphitheatre Parkway, Mountain View, CA 94043, USA. Zur Deaktivierung von Google Analytiscs stellt Google unter <a href=\"https:\/\/tools.google.com\/dlpage\/gaoptout?hl=de\">http:\/\/tools.google.com\/dlpage\/gaoptout?hl=de<\/a> ein Browser-Plug-In zur Verf\u00fcgung. Google Analytics verwendet Cookies. Das sind kleine Textdateien, die es m\u00f6glich machen, auf dem Endger\u00e4t des Nutzers spezifische, auf den Nutzer bezogene Informationen zu speichern. Diese erm\u00f6glichen eine Analyse der Nutzung unseres Websitangebotes durch Google. Die durch den Cookie erfassten Informationen \u00fcber die Nutzung unserer Seiten (einschlie\u00dflich Ihrer IP-Adresse) werden in der Regel an einen Server von Google in den USA \u00fcbertragen und dort gespeichert. Wir weisen darauf hin, dass auf dieser Website Google Analytics um den Code \u201egat._anonymizeIp();\u201c erweitert wurde, um eine anonymisierte Erfassung von IP-Adressen (sog. IP-Masking) zu gew\u00e4hrleisten. Ist die Anonymisierung aktiv, k\u00fcrzt Google IP-Adressen innerhalb von Mitgliedstaaten der Europ\u00e4ischen Union oder in anderen Vertragsstaaten des Abkommens \u00fcber den Europ\u00e4ischen Wirtschaftsraum, weswegen keine R\u00fcckschl\u00fcsse auf Ihre Identit\u00e4t m\u00f6glich sind. Nur in Ausnahmef\u00e4llen wird die volle IP-Adresse an einen Server von Google in den USA \u00fcbertragen und dort gek\u00fcrzt. Google beachtet die Datenschutzbestimmungen des \u201eUS-Safe-Harbor\u201c-Abkommens und ist beim \u201eSafe Harbor\u201c-Programm des US-Handelsministeriums registriert und nutzt die gesammelten Informationen, um die Nutzung unserer Websites auszuwerten, Berichte f\u00fcr uns diesbez\u00fcglich zu verfassen und andere diesbez\u00fcgliche Dienstleistungen an uns zu erbringen. Mehr erfahren Sie unter <a href=\"https:\/\/www.google.com\/intl\/de\/analytics\/privacyoverview.html\">http:\/\/www.google.com\/intl\/de\/analytics\/privacyoverview.html<\/a>.<\/p>\n<p>&nbsp;<\/p>\n<p>Quelle: <a href=\"https:\/\/www.anwalt.de\/vorlage\/muster-datenschutzerklaerung.php\">Muster-Datenschutzerkl\u00e4rung von anwalt.de<\/a>[\/vc_column_text][\/vc_column][\/vc_row][vc_row type=&#8220;vc_default&#8220; full_width=&#8220;stretch_row_content_no_spaces&#8220; margin_top=&#8220;50px&#8220; full_width_row=&#8220;true&#8220;][vc_column]<div class=\"ult-content-box-container \" >\t\t<div class=\"ult-content-box\" style=\"background-image:url('https:\/\/www.obstgut-bonhausen.de\/wp-content\/uploads\/2016\/10\/footer-trenner-1-1024x121.jpg');background-size: contain;background-repeat: no-repeat;background-position: top;background-color: rgba(0, 0, 0, 0);box-shadow: 1px 1px 3px 3px #efefef none;padding-top:70px;-webkit-transition: all 700ms ease;-moz-transition: all 700ms ease;-ms-transition: all 700ms ease;-o-transition: all 700ms ease;transition: all 700ms ease;\"  data-hover_box_shadow=\"none\"    >[vc_row_inner css=&#8220;.vc_custom_1480454850931{margin-right: 0px !important;margin-left: 0px !important;border-right-width: 0px !important;border-left-width: 0px !important;padding-top: 50px !important;padding-right: 0px !important;padding-bottom: 50px !important;padding-left: 0px !important;background-color: #fff5da !important;}&#8220;][vc_column_inner width=&#8220;1\/3&#8243;][\/vc_column_inner][vc_column_inner width=&#8220;1\/3&#8243;][vc_column_text css=&#8220;.vc_custom_1491507476408{margin-bottom: 50px !important;}&#8220; el_class=&#8220;footer_nav&#8220;]<\/p>\n<p style=\"text-align: center;\"><a href=\"http:\/\/obstgut-bonhausen.de\/impressum\">Impressum<\/a> \u00a0 \u00a0 \u00a0 <a href=\"http:\/\/obstgut-bonhausen.de\/datenschutzerklaerung\">Datenschutzerkl\u00e4rung<\/a> \u00a0 \u00a0 \u00a0 <a href=\"http:\/\/obstgut-bonhausen.de\/kontakt\">Kontakt<\/a><\/p>\n<p style=\"text-align: center;\">\u00a9 2017 Obstgut Bonhausen<\/p>\n<p>[\/vc_column_text][vc_single_image image=&#8220;158&#8243; img_size=&#8220;&#8220; alignment=&#8220;center&#8220;][\/vc_column_inner][vc_column_inner width=&#8220;1\/3&#8243;][vc_single_image image=&#8220;170&#8243;][\/vc_column_inner][\/vc_row_inner]\t\t<\/div><\/div>[\/vc_column][\/vc_row]<\/p>\n","protected":false},"excerpt":{"rendered":"<p>[vc_row type=&#8220;vc_default&#8220; full_width=&#8220;stretch_row_content_no_spaces&#8220; equal_height=&#8220;yes&#8220; margin_top=&#8220;-70px&#8220; full_width_row=&#8220;true&#8220; css=&#8220;.vc_custom_1612563561679{margin-top: -70px !important;}&#8220;][vc_column][vc_single_image image=&#8220;76&#8243; img_size=&#8220;full&#8220; alignment=&#8220;center&#8220;][\/vc_column][\/vc_row][vc_row][vc_column width=&#8220;1\/2&#8243;][vc_custom_heading text=&#8220;Erkl\u00e4rung zum Datenschutz&#8220; font_container=&#8220;tag:h1|text_align:right&#8220; use_theme_fonts=&#8220;yes&#8220; css=&#8220;.vc_custom_1491508799455{padding-bottom: 20px !important;padding-left: 100px !important;}&#8220;][\/vc_column][vc_column width=&#8220;1\/2&#8243; css=&#8220;.vc_custom_1480454734426{padding-right: 60px !important;}&#8220;][vc_column_text] Allgemeine Datenschutzerkl\u00e4rung Durch die Nutzung unserer Website erkl\u00e4ren Sie sich mit der Erhebung, Verarbeitung und Nutzung von Daten gem\u00e4\u00df der nachfolgenden Beschreibung einverstanden. Unsere Website kann grunds\u00e4tzlich ohne&hellip;<\/p>\n","protected":false},"author":1,"featured_media":0,"parent":0,"menu_order":0,"comment_status":"closed","ping_status":"closed","template":"","meta":{"_monsterinsights_skip_tracking":false,"_monsterinsights_sitenote_active":false,"_monsterinsights_sitenote_note":"","_monsterinsights_sitenote_category":0},"_links":{"self":[{"href":"https:\/\/www.obstgut-bonhausen.de\/index.php?rest_route=\/wp\/v2\/pages\/46"}],"collection":[{"href":"https:\/\/www.obstgut-bonhausen.de\/index.php?rest_route=\/wp\/v2\/pages"}],"about":[{"href":"https:\/\/www.obstgut-bonhausen.de\/index.php?rest_route=\/wp\/v2\/types\/page"}],"author":[{"embeddable":true,"href":"https:\/\/www.obstgut-bonhausen.de\/index.php?rest_route=\/wp\/v2\/users\/1"}],"replies":[{"embeddable":true,"href":"https:\/\/www.obstgut-bonhausen.de\/index.php?rest_route=%2Fwp%2Fv2%2Fcomments&post=46"}],"version-history":[{"count":16,"href":"https:\/\/www.obstgut-bonhausen.de\/index.php?rest_route=\/wp\/v2\/pages\/46\/revisions"}],"predecessor-version":[{"id":779,"href":"https:\/\/www.obstgut-bonhausen.de\/index.php?rest_route=\/wp\/v2\/pages\/46\/revisions\/779"}],"wp:attachment":[{"href":"https:\/\/www.obstgut-bonhausen.de\/index.php?rest_route=%2Fwp%2Fv2%2Fmedia&parent=46"}],"curies":[{"name":"wp","href":"https:\/\/api.w.org\/{rel}","templated":true}]}}