{"id":456,"date":"2017-02-20T21:18:37","date_gmt":"2017-02-20T21:18:37","guid":{"rendered":"http:\/\/www.obstgut-bonhausen.de\/?page_id=456"},"modified":"2021-02-05T22:23:42","modified_gmt":"2021-02-05T22:23:42","slug":"gute-adressen","status":"publish","type":"page","link":"https:\/\/www.obstgut-bonhausen.de\/?page_id=456","title":{"rendered":"Gute Adressen"},"content":{"rendered":"<p>[vc_row type=&#8220;vc_default&#8220; full_width=&#8220;stretch_row_content_no_spaces&#8220; equal_height=&#8220;yes&#8220; margin_top=&#8220;-70px&#8220; full_width_row=&#8220;true&#8220; css=&#8220;.vc_custom_1612563561679{margin-top: -70px !important;}&#8220;][vc_column][vc_single_image image=&#8220;76&#8243; img_size=&#8220;full&#8220; alignment=&#8220;center&#8220;][\/vc_column][\/vc_row][vc_row][vc_column width=&#8220;1\/2&#8243;][vc_custom_heading text=&#8220;Gute Adressen&#8220; font_container=&#8220;tag:h1|text_align:right&#8220; use_theme_fonts=&#8220;yes&#8220; css=&#8220;.vc_custom_1487626154762{padding-bottom: 20px !important;padding-left: 100px !important;}&#8220;][\/vc_column][vc_column width=&#8220;1\/2&#8243; css=&#8220;.vc_custom_1480454734426{padding-right: 60px !important;}&#8220;][vc_custom_heading text=&#8220;Befreundete und interessante Adressen voller Wissen und Hintergrundinformationen&#8220; use_theme_fonts=&#8220;yes&#8220; css=&#8220;.vc_custom_1487626200652{margin-bottom: 40px !important;}&#8220;][vc_column_text]<\/p>\n<p class=\"p1\"><a href=\"http:\/\/www.naturland.de\" target=\"_blank\" rel=\"noopener\"><span class=\"s1\">Naturland &#8211; Verband f\u00fcr \u00f6kologischen Landbau e.V<\/span><\/a><\/p>\n<p class=\"p1\"><a href=\"http:\/\/www.foeko.de\" target=\"_blank\" rel=\"noopener\"><span class=\"s1\">Arbeitskreis \u00f6kologscher Obstbau (F\u00f6ko)<\/span><\/a><\/p>\n<p class=\"p1\"><a href=\"http:\/\/www.oekoobstbau.de\" target=\"_blank\" rel=\"noopener\"><span class=\"s1\">Beratungsdienst \u00d6kologischer Landbau e.V.<\/span><\/a><\/p>\n<p class=\"p1\"><a href=\"http:\/\/www.oekobo.de\" target=\"_blank\" rel=\"noopener\"><span class=\"s1\">Erzeugergemeinschaft \u00d6kologisches Bodenseeobst<\/span><\/a><\/p>\n<p class=\"p1\"><a href=\"http:\/\/www.obstbau-kompetenzzentrum.de\" target=\"_blank\" rel=\"noopener\"><span class=\"s1\">Kompetenzzentrum Obstbau &#8211; Bodensee<\/span><\/a><\/p>\n<p class=\"p1\"><a href=\"http:\/\/www.plocher.de\" target=\"_blank\" rel=\"noopener\"><span class=\"s1\">Plocher &#8211; \u00d6kologische Produkte und L\u00f6sungen<\/span><\/a><\/p>\n<p class=\"p1\"><span class=\"s1\"><a href=\"http:\/\/www.baywa.de\/pflanzenbau_obst\/obst\/obsthandel\/tafelobst\/bio_obst\" target=\"_blank\" rel=\"noopener\">BayWa-\u00d6koobst<\/a><\/span><\/p>\n<h4 class=\"p1\">Geomantie<\/h4>\n<p class=\"p1\"><a href=\"http:\/\/www.hagia-chora.org\" target=\"_blank\" rel=\"noopener\"><span class=\"s1\">Hagia Chora, Schule f\u00fcr Geomantie<\/span><\/a><\/p>\n<p class=\"p2\"><a href=\"http:\/\/www.geomantie.net\" target=\"_blank\" rel=\"noopener\"><span class=\"s1\">Forum f\u00fcr Geomantie <\/span><\/a><\/p>\n<p class=\"p2\"><a href=\"http:\/\/www.geomantie.de\" target=\"_blank\" rel=\"noopener\"><span class=\"s1\">Axis mundi, Akademie f\u00fcr Geomantie und Lebensraum Planung <\/span><\/a><\/p>\n<p>[\/vc_column_text][\/vc_column][\/vc_row][vc_row][vc_column][vc_single_image image=&#8220;134&#8243; img_size=&#8220;full&#8220;][vc_column_text css=&#8220;.vc_custom_1487625486416{margin-top: 30px !important;margin-bottom: 50px !important;}&#8220;]<\/p>\n<h5 style=\"text-align: center;\"><span style=\"color: #ffcc00;\">\u00bb<\/span> Freunde sind Engel, die uns auf die Beine helfen, wenn unsere Fl\u00fcgel vergessen haben wie man fliegt.<\/h5>\n<p style=\"text-align: center;\">Verfasser unbekannt<\/p>\n<p>[\/vc_column_text][\/vc_column][\/vc_row][vc_row type=&#8220;vc_default&#8220; full_width=&#8220;stretch_row_content_no_spaces&#8220; margin_top=&#8220;50px&#8220; full_width_row=&#8220;true&#8220;][vc_column]<div class=\"ult-content-box-container \" >\t\t<div class=\"ult-content-box\" style=\"background-image:url('https:\/\/www.obstgut-bonhausen.de\/wp-content\/uploads\/2016\/10\/footer-trenner-1-1024x121.jpg');background-size: contain;background-repeat: no-repeat;background-position: top;background-color: rgba(0, 0, 0, 0);box-shadow: 1px 1px 3px 3px #efefef none;padding-top:70px;-webkit-transition: all 700ms ease;-moz-transition: all 700ms ease;-ms-transition: all 700ms ease;-o-transition: all 700ms ease;transition: all 700ms ease;\"  data-hover_box_shadow=\"none\"    >[vc_row_inner css=&#8220;.vc_custom_1480454850931{margin-right: 0px !important;margin-left: 0px !important;border-right-width: 0px !important;border-left-width: 0px !important;padding-top: 50px !important;padding-right: 0px !important;padding-bottom: 50px !important;padding-left: 0px !important;background-color: #fff5da !important;}&#8220;][vc_column_inner width=&#8220;1\/3&#8243;][\/vc_column_inner][vc_column_inner width=&#8220;1\/3&#8243;][vc_column_text css=&#8220;.vc_custom_1491507476408{margin-bottom: 50px !important;}&#8220; el_class=&#8220;footer_nav&#8220;]<\/p>\n<p style=\"text-align: center;\"><a href=\"http:\/\/obstgut-bonhausen.de\/impressum\">Impressum<\/a> \u00a0 \u00a0 \u00a0 <a href=\"http:\/\/obstgut-bonhausen.de\/datenschutzerklaerung\">Datenschutzerkl\u00e4rung<\/a> \u00a0 \u00a0 \u00a0 <a href=\"http:\/\/obstgut-bonhausen.de\/kontakt\">Kontakt<\/a><\/p>\n<p style=\"text-align: center;\">\u00a9 2017 Obstgut Bonhausen<\/p>\n<p>[\/vc_column_text][vc_single_image image=&#8220;158&#8243; img_size=&#8220;&#8220; alignment=&#8220;center&#8220;][\/vc_column_inner][vc_column_inner width=&#8220;1\/3&#8243;][vc_single_image image=&#8220;170&#8243;][\/vc_column_inner][\/vc_row_inner]\t\t<\/div><\/div>[\/vc_column][\/vc_row]<\/p>\n","protected":false},"excerpt":{"rendered":"<p>[vc_row type=&#8220;vc_default&#8220; full_width=&#8220;stretch_row_content_no_spaces&#8220; equal_height=&#8220;yes&#8220; margin_top=&#8220;-70px&#8220; full_width_row=&#8220;true&#8220; css=&#8220;.vc_custom_1612563561679{margin-top: -70px !important;}&#8220;][vc_column][vc_single_image image=&#8220;76&#8243; img_size=&#8220;full&#8220; alignment=&#8220;center&#8220;][\/vc_column][\/vc_row][vc_row][vc_column width=&#8220;1\/2&#8243;][vc_custom_heading text=&#8220;Gute Adressen&#8220; font_container=&#8220;tag:h1|text_align:right&#8220; use_theme_fonts=&#8220;yes&#8220; css=&#8220;.vc_custom_1487626154762{padding-bottom: 20px !important;padding-left: 100px !important;}&#8220;][\/vc_column][vc_column width=&#8220;1\/2&#8243; css=&#8220;.vc_custom_1480454734426{padding-right: 60px !important;}&#8220;][vc_custom_heading text=&#8220;Befreundete und interessante Adressen voller Wissen und Hintergrundinformationen&#8220; use_theme_fonts=&#8220;yes&#8220; css=&#8220;.vc_custom_1487626200652{margin-bottom: 40px !important;}&#8220;][vc_column_text] Naturland &#8211; Verband f\u00fcr \u00f6kologischen Landbau e.V Arbeitskreis \u00f6kologscher Obstbau (F\u00f6ko) Beratungsdienst \u00d6kologischer Landbau e.V. Erzeugergemeinschaft \u00d6kologisches&hellip;<\/p>\n","protected":false},"author":1,"featured_media":0,"parent":0,"menu_order":0,"comment_status":"closed","ping_status":"closed","template":"","meta":{"_monsterinsights_skip_tracking":false,"_monsterinsights_sitenote_active":false,"_monsterinsights_sitenote_note":"","_monsterinsights_sitenote_category":0},"_links":{"self":[{"href":"https:\/\/www.obstgut-bonhausen.de\/index.php?rest_route=\/wp\/v2\/pages\/456"}],"collection":[{"href":"https:\/\/www.obstgut-bonhausen.de\/index.php?rest_route=\/wp\/v2\/pages"}],"about":[{"href":"https:\/\/www.obstgut-bonhausen.de\/index.php?rest_route=\/wp\/v2\/types\/page"}],"author":[{"embeddable":true,"href":"https:\/\/www.obstgut-bonhausen.de\/index.php?rest_route=\/wp\/v2\/users\/1"}],"replies":[{"embeddable":true,"href":"https:\/\/www.obstgut-bonhausen.de\/index.php?rest_route=%2Fwp%2Fv2%2Fcomments&post=456"}],"version-history":[{"count":13,"href":"https:\/\/www.obstgut-bonhausen.de\/index.php?rest_route=\/wp\/v2\/pages\/456\/revisions"}],"predecessor-version":[{"id":781,"href":"https:\/\/www.obstgut-bonhausen.de\/index.php?rest_route=\/wp\/v2\/pages\/456\/revisions\/781"}],"wp:attachment":[{"href":"https:\/\/www.obstgut-bonhausen.de\/index.php?rest_route=%2Fwp%2Fv2%2Fmedia&parent=456"}],"curies":[{"name":"wp","href":"https:\/\/api.w.org\/{rel}","templated":true}]}}