{"id":43,"date":"2016-11-07T21:04:54","date_gmt":"2016-11-07T21:04:54","guid":{"rendered":"http:\/\/obstgut-bonhausen.de\/?page_id=43"},"modified":"2021-02-05T22:22:45","modified_gmt":"2021-02-05T22:22:45","slug":"impressum","status":"publish","type":"page","link":"https:\/\/www.obstgut-bonhausen.de\/?page_id=43","title":{"rendered":"Impressum"},"content":{"rendered":"<p>[vc_row type=&#8220;vc_default&#8220; full_width=&#8220;stretch_row_content_no_spaces&#8220; equal_height=&#8220;yes&#8220; margin_top=&#8220;-70px&#8220; full_width_row=&#8220;true&#8220; css=&#8220;.vc_custom_1612563561679{margin-top: -70px !important;}&#8220;][vc_column][vc_single_image image=&#8220;76&#8243; img_size=&#8220;full&#8220; alignment=&#8220;center&#8220;][\/vc_column][\/vc_row][vc_row][vc_column width=&#8220;1\/2&#8243;][vc_custom_heading text=&#8220;Impressum&#8220; font_container=&#8220;tag:h1|text_align:right&#8220; use_theme_fonts=&#8220;yes&#8220; css=&#8220;.vc_custom_1487628313159{padding-bottom: 20px !important;padding-left: 100px !important;}&#8220;][\/vc_column][vc_column width=&#8220;1\/2&#8243; css=&#8220;.vc_custom_1480454734426{padding-right: 60px !important;}&#8220;][vc_column_text css=&#8220;.vc_custom_1491508468651{margin-bottom: 50px !important;padding-right: 90px !important;}&#8220;]<\/p>\n<h4>Bio-Obstgut Bonhausen<\/h4>\n<p>E. &amp; M. Holland GbR<br \/>\nBonhausen 3<br \/>\n88213 Ravensburg \/ Bavendorf<\/p>\n<p>&nbsp;<\/p>\n<div>Umsatzsteuer Identnr: \u00a0DE 146399213<\/div>\n<div>Inhaber: E. und M. Holland GbR<\/div>\n<div>Gesch\u00e4ftsform: GbR (Gesellschaft b\u00fcrgerlichen Rechts)<\/div>\n<div><\/div>\n<div>Bio kontrolliert durch:<br \/>\nDE-\u00d6KO-003- Kontrollstelle;<\/div>\n<div><\/div>\n<div>Naturland-Nr. 88011L<\/div>\n<p>[\/vc_column_text][vc_column_text]<\/p>\n<h4>Copyright<\/h4>\n<p>Alle hier ver\u00f6ffentlichten Texte sind verfasst und geistiges Eigentum von der E. u. M. Holland GbR. Sobald Fremdtext-Ausschnitte verwendet werden, sind diese besonders gekennzeichnet.<\/p>\n<p>Ohne Genehmigung der E. u. M. Holland GbR ist eine Verwendung der Texte und Bilder nicht gestattet. Verwarnungen und Anzeigen (Mahnungen) sind Folgen bei Zuwiderhandlungen.<\/p>\n<p>Sollte auf dieser Homepage gegen fremde Rechte an Bildern oder Grafiken versto\u00dfen werden, so ist dies irrt\u00fcmlich passiert. Sollte dies der Fall sein, werden die betreffenden Textpassagen bzw. Grafiken, nach schriftlicher Mitteilung, umgehend entfernt.<\/p>\n<p>Die Nennung von Produkten oder Waren dient ausschlie\u00dflich Informationszwecken, verwendete Warenzeichen und Markennamen sind Eigentum der jeweiligen Besitzer.<\/p>\n<h4>Haftungshinweis:<\/h4>\n<p>Trotz sorgf\u00e4ltiger inhaltlicher Kontrolle \u00fcbernehmen wir keine Haftung f\u00fcr die Inhalte externer Links. F\u00fcr den Inhalt der verlinkten Seiten sind ausschlie\u00dflich deren Betreiber verantwortlich.[\/vc_column_text][\/vc_column][\/vc_row][vc_row type=&#8220;vc_default&#8220; full_width=&#8220;stretch_row_content_no_spaces&#8220; margin_top=&#8220;50px&#8220; full_width_row=&#8220;true&#8220;][vc_column]<div class=\"ult-content-box-container \" >\t\t<div class=\"ult-content-box\" style=\"background-image:url('https:\/\/www.obstgut-bonhausen.de\/wp-content\/uploads\/2016\/10\/footer-trenner-1-1024x121.jpg');background-size: contain;background-repeat: no-repeat;background-position: top;background-color: rgba(0, 0, 0, 0);box-shadow: 1px 1px 3px 3px #efefef none;padding-top:70px;-webkit-transition: all 700ms ease;-moz-transition: all 700ms ease;-ms-transition: all 700ms ease;-o-transition: all 700ms ease;transition: all 700ms ease;\"  data-hover_box_shadow=\"none\"    >[vc_row_inner css=&#8220;.vc_custom_1480454850931{margin-right: 0px !important;margin-left: 0px !important;border-right-width: 0px !important;border-left-width: 0px !important;padding-top: 50px !important;padding-right: 0px !important;padding-bottom: 50px !important;padding-left: 0px !important;background-color: #fff5da !important;}&#8220;][vc_column_inner width=&#8220;1\/3&#8243;][\/vc_column_inner][vc_column_inner width=&#8220;1\/3&#8243;][vc_column_text css=&#8220;.vc_custom_1491507476408{margin-bottom: 50px !important;}&#8220; el_class=&#8220;footer_nav&#8220;]<\/p>\n<p style=\"text-align: center;\"><a href=\"http:\/\/obstgut-bonhausen.de\/impressum\">Impressum<\/a> \u00a0 \u00a0 \u00a0 <a href=\"http:\/\/obstgut-bonhausen.de\/datenschutzerklaerung\">Datenschutzerkl\u00e4rung<\/a> \u00a0 \u00a0 \u00a0 <a href=\"http:\/\/obstgut-bonhausen.de\/kontakt\">Kontakt<\/a><\/p>\n<p style=\"text-align: center;\">\u00a9 2017 Obstgut Bonhausen<\/p>\n<p>[\/vc_column_text][vc_single_image image=&#8220;158&#8243; img_size=&#8220;&#8220; alignment=&#8220;center&#8220;][\/vc_column_inner][vc_column_inner width=&#8220;1\/3&#8243;][vc_single_image image=&#8220;170&#8243;][\/vc_column_inner][\/vc_row_inner]\t\t<\/div><\/div>[\/vc_column][\/vc_row]<\/p>\n","protected":false},"excerpt":{"rendered":"<p>[vc_row type=&#8220;vc_default&#8220; full_width=&#8220;stretch_row_content_no_spaces&#8220; equal_height=&#8220;yes&#8220; margin_top=&#8220;-70px&#8220; full_width_row=&#8220;true&#8220; css=&#8220;.vc_custom_1612563561679{margin-top: -70px !important;}&#8220;][vc_column][vc_single_image image=&#8220;76&#8243; img_size=&#8220;full&#8220; alignment=&#8220;center&#8220;][\/vc_column][\/vc_row][vc_row][vc_column width=&#8220;1\/2&#8243;][vc_custom_heading text=&#8220;Impressum&#8220; font_container=&#8220;tag:h1|text_align:right&#8220; use_theme_fonts=&#8220;yes&#8220; css=&#8220;.vc_custom_1487628313159{padding-bottom: 20px !important;padding-left: 100px !important;}&#8220;][\/vc_column][vc_column width=&#8220;1\/2&#8243; css=&#8220;.vc_custom_1480454734426{padding-right: 60px !important;}&#8220;][vc_column_text css=&#8220;.vc_custom_1491508468651{margin-bottom: 50px !important;padding-right: 90px !important;}&#8220;] Bio-Obstgut Bonhausen E. &amp; M. Holland GbR Bonhausen 3 88213 Ravensburg \/ Bavendorf &nbsp; Umsatzsteuer Identnr: \u00a0DE 146399213 Inhaber: E. und M. Holland GbR Gesch\u00e4ftsform:&hellip;<\/p>\n","protected":false},"author":1,"featured_media":0,"parent":0,"menu_order":0,"comment_status":"closed","ping_status":"closed","template":"","meta":{"_monsterinsights_skip_tracking":false,"_monsterinsights_sitenote_active":false,"_monsterinsights_sitenote_note":"","_monsterinsights_sitenote_category":0},"_links":{"self":[{"href":"https:\/\/www.obstgut-bonhausen.de\/index.php?rest_route=\/wp\/v2\/pages\/43"}],"collection":[{"href":"https:\/\/www.obstgut-bonhausen.de\/index.php?rest_route=\/wp\/v2\/pages"}],"about":[{"href":"https:\/\/www.obstgut-bonhausen.de\/index.php?rest_route=\/wp\/v2\/types\/page"}],"author":[{"embeddable":true,"href":"https:\/\/www.obstgut-bonhausen.de\/index.php?rest_route=\/wp\/v2\/users\/1"}],"replies":[{"embeddable":true,"href":"https:\/\/www.obstgut-bonhausen.de\/index.php?rest_route=%2Fwp%2Fv2%2Fcomments&post=43"}],"version-history":[{"count":16,"href":"https:\/\/www.obstgut-bonhausen.de\/index.php?rest_route=\/wp\/v2\/pages\/43\/revisions"}],"predecessor-version":[{"id":780,"href":"https:\/\/www.obstgut-bonhausen.de\/index.php?rest_route=\/wp\/v2\/pages\/43\/revisions\/780"}],"wp:attachment":[{"href":"https:\/\/www.obstgut-bonhausen.de\/index.php?rest_route=%2Fwp%2Fv2%2Fmedia&parent=43"}],"curies":[{"name":"wp","href":"https:\/\/api.w.org\/{rel}","templated":true}]}}