{"id":21,"date":"2016-11-07T20:44:18","date_gmt":"2016-11-07T20:44:18","guid":{"rendered":"http:\/\/obstgut-bonhausen.de\/?page_id=21"},"modified":"2021-02-05T21:28:25","modified_gmt":"2021-02-05T21:28:25","slug":"geomantie","status":"publish","type":"page","link":"https:\/\/www.obstgut-bonhausen.de\/?page_id=21","title":{"rendered":"Geomantie"},"content":{"rendered":"<p>[vc_row][vc_column][vc_column_text css=&#8220;.vc_custom_1487629598253{margin-top: 30px !important;margin-bottom: 50px !important;}&#8220;]<\/p>\n<h5 style=\"text-align: center;\"><span style=\"color: #ffcc00;\">\u00bb<\/span> In diesem Augenblicke, da die inneren Kr\u00e4fte der Erde gleichsam unmittelbar auf mich wirken&#8230; werde ich zu h\u00f6heren Betrachtungen der Natur gestimmt.<\/h5>\n<p style=\"text-align: center;\">Johann Wolfgang von Goethe<\/p>\n<p>[\/vc_column_text][vc_single_image image=&#8220;134&#8243; img_size=&#8220;full&#8220;][\/vc_column][\/vc_row][vc_row][vc_column width=&#8220;1\/2&#8243;][vc_custom_heading text=&#8220;Geomantie&#8220; font_container=&#8220;tag:h1|text_align:right&#8220; use_theme_fonts=&#8220;yes&#8220; css=&#8220;.vc_custom_1489090550509{padding-bottom: 180px !important;padding-left: 100px !important;}&#8220;]<div class=\"dt-photos-shortcode slider-wrapper shortcode-instagram dt-gallery-container arrows-accent enable-mobile-arrows\" data-padding-side=\"20\" data-autoslide=\"true\" data-delay=\"5000\" data-loop=\"true\"><div class=\"frame fullwidth-slider\"><ul class=\"clearfix\"><li class=\"fs-entry\">\n<article class=\"post post-575 attachment type-attachment status-inherit hentry no-img description-off\">\n\n\t<figure class=\"rollover-project links-hovers-disabled\">\n\t<a href=\"https:\/\/www.obstgut-bonhausen.de\/wp-content\/uploads\/2017\/03\/adler.jpg\" class=\"rollover rollover-zoom dt-mfp-item mfp-image layzr-bg\" title=\"adler\" data-dt-img-description=\"\" ><img class=\"lazy-load preload-me\" src=\"data:image\/svg+xml;charset=utf-8,%3Csvg xmlns%3D'http%3A%2F%2Fwww.w3.org%2F2000%2Fsvg' viewBox%3D'0 0 540 342'%2F%3E\" data-src=\"https:\/\/www.obstgut-bonhausen.de\/wp-content\/uploads\/2017\/03\/adler-540x342.jpg\" data-srcset=\"https:\/\/www.obstgut-bonhausen.de\/wp-content\/uploads\/2017\/03\/adler-540x342.jpg 540w, https:\/\/www.obstgut-bonhausen.de\/wp-content\/uploads\/2017\/03\/adler-813x514.jpg 813w\" alt=\"\" width=\"540\" height=\"342\"  \/><\/a>\t<\/figure>\n<\/article>\n\n<\/li><li class=\"fs-entry\">\n<article class=\"post post-577 attachment type-attachment status-inherit hentry no-img description-off\">\n\n\t<figure class=\"rollover-project links-hovers-disabled\">\n\t<a href=\"https:\/\/www.obstgut-bonhausen.de\/wp-content\/uploads\/2017\/03\/bluete.jpg\" class=\"rollover rollover-zoom dt-mfp-item mfp-image layzr-bg\" title=\"bluete\" data-dt-img-description=\"\" ><img class=\"lazy-load preload-me\" src=\"data:image\/svg+xml;charset=utf-8,%3Csvg xmlns%3D'http%3A%2F%2Fwww.w3.org%2F2000%2Fsvg' viewBox%3D'0 0 540 342'%2F%3E\" data-src=\"https:\/\/www.obstgut-bonhausen.de\/wp-content\/uploads\/2017\/03\/bluete-540x342.jpg\" data-srcset=\"https:\/\/www.obstgut-bonhausen.de\/wp-content\/uploads\/2017\/03\/bluete-540x342.jpg 540w, https:\/\/www.obstgut-bonhausen.de\/wp-content\/uploads\/2017\/03\/bluete-813x514.jpg 813w\" alt=\"\" width=\"540\" height=\"342\"  \/><\/a>\t<\/figure>\n<\/article>\n\n<\/li><li class=\"fs-entry\">\n<article class=\"post post-578 attachment type-attachment status-inherit hentry no-img description-off\">\n\n\t<figure class=\"rollover-project links-hovers-disabled\">\n\t<a href=\"https:\/\/www.obstgut-bonhausen.de\/wp-content\/uploads\/2017\/03\/garten.jpg\" class=\"rollover rollover-zoom dt-mfp-item mfp-image layzr-bg\" title=\"garten\" data-dt-img-description=\"\" ><img class=\"lazy-load preload-me\" src=\"data:image\/svg+xml;charset=utf-8,%3Csvg xmlns%3D'http%3A%2F%2Fwww.w3.org%2F2000%2Fsvg' viewBox%3D'0 0 540 342'%2F%3E\" data-src=\"https:\/\/www.obstgut-bonhausen.de\/wp-content\/uploads\/2017\/03\/garten-540x342.jpg\" data-srcset=\"https:\/\/www.obstgut-bonhausen.de\/wp-content\/uploads\/2017\/03\/garten-540x342.jpg 540w, https:\/\/www.obstgut-bonhausen.de\/wp-content\/uploads\/2017\/03\/garten-813x514.jpg 813w\" alt=\"\" width=\"540\" height=\"342\"  \/><\/a>\t<\/figure>\n<\/article>\n\n<\/li><li class=\"fs-entry\">\n<article class=\"post post-579 attachment type-attachment status-inherit hentry no-img description-off\">\n\n\t<figure class=\"rollover-project links-hovers-disabled\">\n\t<a href=\"https:\/\/www.obstgut-bonhausen.de\/wp-content\/uploads\/2017\/03\/gartenstimmung.jpg\" class=\"rollover rollover-zoom dt-mfp-item mfp-image layzr-bg\" title=\"gartenstimmung\" data-dt-img-description=\"\" ><img class=\"lazy-load preload-me\" src=\"data:image\/svg+xml;charset=utf-8,%3Csvg xmlns%3D'http%3A%2F%2Fwww.w3.org%2F2000%2Fsvg' viewBox%3D'0 0 540 342'%2F%3E\" data-src=\"https:\/\/www.obstgut-bonhausen.de\/wp-content\/uploads\/2017\/03\/gartenstimmung-540x342.jpg\" data-srcset=\"https:\/\/www.obstgut-bonhausen.de\/wp-content\/uploads\/2017\/03\/gartenstimmung-540x342.jpg 540w, https:\/\/www.obstgut-bonhausen.de\/wp-content\/uploads\/2017\/03\/gartenstimmung-813x514.jpg 813w\" alt=\"\" width=\"540\" height=\"342\"  \/><\/a>\t<\/figure>\n<\/article>\n\n<\/li><li class=\"fs-entry\">\n<article class=\"post post-580 attachment type-attachment status-inherit hentry no-img description-off\">\n\n\t<figure class=\"rollover-project links-hovers-disabled\">\n\t<a href=\"https:\/\/www.obstgut-bonhausen.de\/wp-content\/uploads\/2017\/03\/liebe.jpg\" class=\"rollover rollover-zoom dt-mfp-item mfp-image layzr-bg\" title=\"liebe\" data-dt-img-description=\"\" ><img class=\"lazy-load preload-me\" src=\"data:image\/svg+xml;charset=utf-8,%3Csvg xmlns%3D'http%3A%2F%2Fwww.w3.org%2F2000%2Fsvg' viewBox%3D'0 0 540 342'%2F%3E\" data-src=\"https:\/\/www.obstgut-bonhausen.de\/wp-content\/uploads\/2017\/03\/liebe-540x342.jpg\" data-srcset=\"https:\/\/www.obstgut-bonhausen.de\/wp-content\/uploads\/2017\/03\/liebe-540x342.jpg 540w, https:\/\/www.obstgut-bonhausen.de\/wp-content\/uploads\/2017\/03\/liebe-813x514.jpg 813w\" alt=\"\" width=\"540\" height=\"342\"  \/><\/a>\t<\/figure>\n<\/article>\n\n<\/li><li class=\"fs-entry\">\n<article class=\"post post-581 attachment type-attachment status-inherit hentry no-img description-off\">\n\n\t<figure class=\"rollover-project links-hovers-disabled\">\n\t<a href=\"https:\/\/www.obstgut-bonhausen.de\/wp-content\/uploads\/2017\/03\/stimmung.jpg\" class=\"rollover rollover-zoom dt-mfp-item mfp-image layzr-bg\" title=\"stimmung\" data-dt-img-description=\"\" ><img class=\"lazy-load preload-me\" src=\"data:image\/svg+xml;charset=utf-8,%3Csvg xmlns%3D'http%3A%2F%2Fwww.w3.org%2F2000%2Fsvg' viewBox%3D'0 0 540 342'%2F%3E\" data-src=\"https:\/\/www.obstgut-bonhausen.de\/wp-content\/uploads\/2017\/03\/stimmung-540x342.jpg\" data-srcset=\"https:\/\/www.obstgut-bonhausen.de\/wp-content\/uploads\/2017\/03\/stimmung-540x342.jpg 540w, https:\/\/www.obstgut-bonhausen.de\/wp-content\/uploads\/2017\/03\/stimmung-813x514.jpg 813w\" alt=\"\" width=\"540\" height=\"342\"  \/><\/a>\t<\/figure>\n<\/article>\n\n<\/li><li class=\"fs-entry\">\n<article class=\"post post-582 attachment type-attachment status-inherit hentry no-img description-off\">\n\n\t<figure class=\"rollover-project links-hovers-disabled\">\n\t<a href=\"https:\/\/www.obstgut-bonhausen.de\/wp-content\/uploads\/2017\/03\/wunder.jpg\" class=\"rollover rollover-zoom dt-mfp-item mfp-image layzr-bg\" title=\"wunder\" data-dt-img-description=\"\" ><img class=\"lazy-load preload-me\" src=\"data:image\/svg+xml;charset=utf-8,%3Csvg xmlns%3D'http%3A%2F%2Fwww.w3.org%2F2000%2Fsvg' viewBox%3D'0 0 540 342'%2F%3E\" data-src=\"https:\/\/www.obstgut-bonhausen.de\/wp-content\/uploads\/2017\/03\/wunder-540x342.jpg\" data-srcset=\"https:\/\/www.obstgut-bonhausen.de\/wp-content\/uploads\/2017\/03\/wunder-540x342.jpg 540w, https:\/\/www.obstgut-bonhausen.de\/wp-content\/uploads\/2017\/03\/wunder-813x514.jpg 813w\" alt=\"\" width=\"540\" height=\"342\"  \/><\/a>\t<\/figure>\n<\/article>\n\n<\/li><li class=\"fs-entry\">\n<article class=\"post post-583 attachment type-attachment status-inherit hentry no-img description-off\">\n\n\t<figure class=\"rollover-project links-hovers-disabled\">\n\t<a href=\"https:\/\/www.obstgut-bonhausen.de\/wp-content\/uploads\/2017\/03\/zierapfelbaumbluete.jpg\" class=\"rollover rollover-zoom dt-mfp-item mfp-image layzr-bg\" title=\"zierapfelbaumbluete\" data-dt-img-description=\"\" ><img class=\"lazy-load preload-me\" src=\"data:image\/svg+xml;charset=utf-8,%3Csvg xmlns%3D'http%3A%2F%2Fwww.w3.org%2F2000%2Fsvg' viewBox%3D'0 0 540 342'%2F%3E\" data-src=\"https:\/\/www.obstgut-bonhausen.de\/wp-content\/uploads\/2017\/03\/zierapfelbaumbluete-540x342.jpg\" data-srcset=\"https:\/\/www.obstgut-bonhausen.de\/wp-content\/uploads\/2017\/03\/zierapfelbaumbluete-540x342.jpg 540w, https:\/\/www.obstgut-bonhausen.de\/wp-content\/uploads\/2017\/03\/zierapfelbaumbluete-813x514.jpg 813w\" alt=\"\" width=\"540\" height=\"342\"  \/><\/a>\t<\/figure>\n<\/article>\n\n<\/li><\/ul><\/div><div class=\"prev\"><i><\/i><\/div><div class=\"next\"><i><\/i><\/div><\/div>[\/vc_column][vc_column width=&#8220;1\/2&#8243; css=&#8220;.vc_custom_1480454734426{padding-right: 60px !important;}&#8220;][vc_custom_heading text=&#8220;Seit hunderten von Jahren hat sich unsere Kultur immer mehr von den nat\u00fcrlichen Verbindungen zur Erde entfernt. Das Verst\u00e4ndnis zwischen Mensch und Natur ist gebrochen.&#8220; use_theme_fonts=&#8220;yes&#8220; css=&#8220;.vc_custom_1487624577456{margin-bottom: 40px !important;}&#8220;][vc_column_text]<\/p>\n<p class=\"p1\">Doch die Erde signalisiert uns, dass wir dieses Verh\u00e4ltnis wiederbeleben k\u00f6nnen, was zu neuer Lebenskraft, einem tiefen Verst\u00e4ndnis f\u00fcreinander und dem Kontakt zu dem allumfassenden Leben f\u00fchrt.<\/p>\n<p class=\"p1\"><span class=\"s1\">Am Bio-Obstgut Bonhausen, arbeiten wir mit den Beziehungsgeflechten Erde\/Mensch- Mensch\/Erde. So entsteht eine neue Partnerschaft, die diesen Ort zu etwas Besonderem macht. Einem Platz der Erfahrung und des Austausches mit der Natur.<\/span><\/p>\n<p class=\"p1\"><span class=\"s1\">Die geomantische Arbeit am Bio-Obstgut Bonhausen unterst\u00fctzt die energetische Ebene des Obstbaubetriebes und h\u00e4lt den Kontakt zu dem Wesenhaften in der Natur aufrecht.<\/span><\/p>\n<p>[\/vc_column_text][\/vc_column][\/vc_row][vc_row][vc_column width=&#8220;1\/2&#8243;][\/vc_column][vc_column width=&#8220;1\/2&#8243; css=&#8220;.vc_custom_1480454734426{padding-right: 60px !important;}&#8220;][vc_column_text]<\/p>\n<h4>Hinh\u00f6ren &amp;\u00a0Hinsp\u00fcren<\/h4>\n<p>Ein wesentlicher Teil davon ist das genaue Hinh\u00f6ren, Hinsp\u00fcren was uns der Baum, die Baumgemeinschaft bzw. das Wesen dahinter sagen will.<\/p>\n<p class=\"p1\">Schon allein dieses gewahr werden einer anderen Dimension als der rein materiellen, f\u00fchrt zu einem ganzheitlichen Verst\u00e4ndnis. Die Wesen der Natur werden zu Helfern. Nicht ich bin die\/derjenige der Ver\u00e4nderung \/ Stabilit\u00e4t \/ Gesundheit bringen kann. Dies findet auf einer anderen Ebene statt. Mit dieser Ebene zu kommunizieren, sie mit einzubeziehen ist in der geomantischen Arbeit von gro\u00dfer Bedeutung.<\/p>\n<p>[\/vc_column_text]<div class=\" vc_custom_1491335977892 ubtn-ctn-left \"><a class=\"ubtn-link ult-adjust-bottom-margin ubtn-left ubtn-normal \" href = \"http:\/\/www.obstgut-bonhausen.de\/kontakt-2\" target='' ><button type=\"button\" id=\"ubtn-5158\" class=\"ubtn ult-adjust-bottom-margin ult-responsive ubtn-normal ubtn-fade-bg  ulta-hover  ubtn-sep-icon ubtn-sep-icon-at-right  ubtn-left   tooltip-69d5d9921a53f\"  data-hover=\"#dd3333\" data-border-color=\"\" data-bg=\"#ffffff\" data-hover-bg=\"rgba(255,255,255,0.58)\" data-border-hover=\"\" data-shadow-hover=\"\" data-shadow-click=\"none\" data-shadow=\"\" data-shd-shadow=\"\"  data-ultimate-target='#ubtn-5158'  data-responsive-json-new='{\"font-size\":\"desktop:22px;\",\"line-height\":\"desktop:20px;\"}'  style=\"font-family:'Cormorant Garamond';font-style:italic;font-weight:500;border:none;background: #ffffff;color: #c65948;\"><span class=\"ubtn-data ubtn-icon\"><i class=\"Defaults-angle-right\" style=\"font-size:15px;color:#dd3333;\"><\/i><\/span><span class=\"ubtn-hover\" style=\"background-color:rgba(255,255,255,0.58)\"><\/span><span class=\"ubtn-data ubtn-text \" >Mehr zum Thema<\/span><\/button><\/a><\/div>[\/vc_column][\/vc_row][vc_row][vc_column][vc_single_image image=&#8220;134&#8243; img_size=&#8220;full&#8220;][vc_column_text css=&#8220;.vc_custom_1487629496376{margin-top: 30px !important;margin-bottom: 50px !important;}&#8220;]<\/p>\n<h5 style=\"text-align: center;\"><span style=\"color: #ffcc00;\">\u00bb<\/span> Und du? Wann wirst du die lange Reise hinein in dich selbst beginnen?<\/h5>\n<p style=\"text-align: center;\">Rumi<\/p>\n<p>[\/vc_column_text][vc_single_image image=&#8220;750&#8243; img_size=&#8220;large&#8220;][\/vc_column][\/vc_row][vc_row type=&#8220;vc_default&#8220; full_width=&#8220;stretch_row_content_no_spaces&#8220; margin_top=&#8220;50px&#8220; full_width_row=&#8220;true&#8220;][vc_column]<div class=\"ult-content-box-container \" >\t\t<div class=\"ult-content-box\" style=\"background-image:url('https:\/\/www.obstgut-bonhausen.de\/wp-content\/uploads\/2016\/10\/footer-trenner-1-1024x121.jpg');background-size: contain;background-repeat: no-repeat;background-position: top;background-color: rgba(0, 0, 0, 0);box-shadow: 1px 1px 3px 3px #efefef none;padding-top:70px;-webkit-transition: all 700ms ease;-moz-transition: all 700ms ease;-ms-transition: all 700ms ease;-o-transition: all 700ms ease;transition: all 700ms ease;\"  data-hover_box_shadow=\"none\"    >[vc_row_inner css=&#8220;.vc_custom_1480454850931{margin-right: 0px !important;margin-left: 0px !important;border-right-width: 0px !important;border-left-width: 0px !important;padding-top: 50px !important;padding-right: 0px !important;padding-bottom: 50px !important;padding-left: 0px !important;background-color: #fff5da !important;}&#8220;][vc_column_inner width=&#8220;1\/3&#8243;][\/vc_column_inner][vc_column_inner width=&#8220;1\/3&#8243;][vc_column_text css=&#8220;.vc_custom_1491507476408{margin-bottom: 50px !important;}&#8220; el_class=&#8220;footer_nav&#8220;]<\/p>\n<p style=\"text-align: center;\"><a href=\"http:\/\/obstgut-bonhausen.de\/impressum\">Impressum<\/a> \u00a0 \u00a0 \u00a0 <a href=\"http:\/\/obstgut-bonhausen.de\/datenschutzerklaerung\">Datenschutzerkl\u00e4rung<\/a> \u00a0 \u00a0 \u00a0 <a href=\"http:\/\/obstgut-bonhausen.de\/kontakt\">Kontakt<\/a><\/p>\n<p style=\"text-align: center;\">\u00a9 2017 Obstgut Bonhausen<\/p>\n<p>[\/vc_column_text][vc_single_image image=&#8220;158&#8243; img_size=&#8220;&#8220; alignment=&#8220;center&#8220;][\/vc_column_inner][vc_column_inner width=&#8220;1\/3&#8243;][vc_single_image image=&#8220;170&#8243;][\/vc_column_inner][\/vc_row_inner]\t\t<\/div><\/div>[\/vc_column][\/vc_row]<\/p>\n","protected":false},"excerpt":{"rendered":"<p>[vc_row][vc_column][vc_column_text css=&#8220;.vc_custom_1487629598253{margin-top: 30px !important;margin-bottom: 50px !important;}&#8220;] \u00bb In diesem Augenblicke, da die inneren Kr\u00e4fte der Erde gleichsam unmittelbar auf mich wirken&#8230; werde ich zu h\u00f6heren Betrachtungen der Natur gestimmt. Johann Wolfgang von Goethe [\/vc_column_text][vc_single_image image=&#8220;134&#8243; img_size=&#8220;full&#8220;][\/vc_column][\/vc_row][vc_row][vc_column width=&#8220;1\/2&#8243;][vc_custom_heading text=&#8220;Geomantie&#8220; font_container=&#8220;tag:h1|text_align:right&#8220; use_theme_fonts=&#8220;yes&#8220; css=&#8220;.vc_custom_1489090550509{padding-bottom: 180px !important;padding-left: 100px !important;}&#8220;][\/vc_column][vc_column width=&#8220;1\/2&#8243; css=&#8220;.vc_custom_1480454734426{padding-right: 60px !important;}&#8220;][vc_custom_heading text=&#8220;Seit hunderten von Jahren hat sich&hellip;<\/p>\n","protected":false},"author":1,"featured_media":0,"parent":0,"menu_order":0,"comment_status":"closed","ping_status":"closed","template":"","meta":{"_monsterinsights_skip_tracking":false,"_monsterinsights_sitenote_active":false,"_monsterinsights_sitenote_note":"","_monsterinsights_sitenote_category":0},"_links":{"self":[{"href":"https:\/\/www.obstgut-bonhausen.de\/index.php?rest_route=\/wp\/v2\/pages\/21"}],"collection":[{"href":"https:\/\/www.obstgut-bonhausen.de\/index.php?rest_route=\/wp\/v2\/pages"}],"about":[{"href":"https:\/\/www.obstgut-bonhausen.de\/index.php?rest_route=\/wp\/v2\/types\/page"}],"author":[{"embeddable":true,"href":"https:\/\/www.obstgut-bonhausen.de\/index.php?rest_route=\/wp\/v2\/users\/1"}],"replies":[{"embeddable":true,"href":"https:\/\/www.obstgut-bonhausen.de\/index.php?rest_route=%2Fwp%2Fv2%2Fcomments&post=21"}],"version-history":[{"count":26,"href":"https:\/\/www.obstgut-bonhausen.de\/index.php?rest_route=\/wp\/v2\/pages\/21\/revisions"}],"predecessor-version":[{"id":768,"href":"https:\/\/www.obstgut-bonhausen.de\/index.php?rest_route=\/wp\/v2\/pages\/21\/revisions\/768"}],"wp:attachment":[{"href":"https:\/\/www.obstgut-bonhausen.de\/index.php?rest_route=%2Fwp%2Fv2%2Fmedia&parent=21"}],"curies":[{"name":"wp","href":"https:\/\/api.w.org\/{rel}","templated":true}]}}