{"id":19,"date":"2016-11-07T20:44:02","date_gmt":"2016-11-07T20:44:02","guid":{"rendered":"http:\/\/obstgut-bonhausen.de\/?page_id=19"},"modified":"2021-02-05T21:29:41","modified_gmt":"2021-02-05T21:29:41","slug":"hofleben","status":"publish","type":"page","link":"https:\/\/www.obstgut-bonhausen.de\/?page_id=19","title":{"rendered":"Hofleben"},"content":{"rendered":"<p>[vc_row][vc_column width=&#8220;1\/2&#8243;][vc_custom_heading text=&#8220;Das Leben auf unserem Bio-Hof&#8220; font_container=&#8220;tag:h1|text_align:right&#8220; use_theme_fonts=&#8220;yes&#8220; css=&#8220;.vc_custom_1488572921702{padding-bottom: 60px !important;padding-left: 100px !important;}&#8220;]<div class=\"dt-photos-shortcode slider-wrapper shortcode-instagram dt-gallery-container arrows-accent enable-mobile-arrows\" data-padding-side=\"20\" data-autoslide=\"true\" data-delay=\"5000\" data-loop=\"true\"><div class=\"frame fullwidth-slider\"><ul class=\"clearfix\"><li class=\"fs-entry\">\n<article class=\"post post-562 attachment type-attachment status-inherit hentry no-img description-off\">\n\n\t<figure class=\"rollover-project links-hovers-disabled\">\n\t<a href=\"https:\/\/www.obstgut-bonhausen.de\/wp-content\/uploads\/2017\/03\/annika-hase.jpg\" class=\"rollover rollover-zoom dt-mfp-item mfp-image layzr-bg\" title=\"annika-hase\" data-dt-img-description=\"\" ><img class=\"lazy-load preload-me\" src=\"data:image\/svg+xml;charset=utf-8,%3Csvg xmlns%3D'http%3A%2F%2Fwww.w3.org%2F2000%2Fsvg' viewBox%3D'0 0 540 342'%2F%3E\" data-src=\"https:\/\/www.obstgut-bonhausen.de\/wp-content\/uploads\/2017\/03\/annika-hase-540x342.jpg\" data-srcset=\"https:\/\/www.obstgut-bonhausen.de\/wp-content\/uploads\/2017\/03\/annika-hase-540x342.jpg 540w, https:\/\/www.obstgut-bonhausen.de\/wp-content\/uploads\/2017\/03\/annika-hase-813x514.jpg 813w\" alt=\"\" width=\"540\" height=\"342\"  \/><\/a>\t<\/figure>\n<\/article>\n\n<\/li><li class=\"fs-entry\">\n<article class=\"post post-563 attachment type-attachment status-inherit hentry no-img description-off\">\n\n\t<figure class=\"rollover-project links-hovers-disabled\">\n\t<a href=\"https:\/\/www.obstgut-bonhausen.de\/wp-content\/uploads\/2017\/03\/annika.jpg\" class=\"rollover rollover-zoom dt-mfp-item mfp-image layzr-bg\" title=\"annika\" data-dt-img-description=\"\" ><img class=\"lazy-load preload-me\" src=\"data:image\/svg+xml;charset=utf-8,%3Csvg xmlns%3D'http%3A%2F%2Fwww.w3.org%2F2000%2Fsvg' viewBox%3D'0 0 540 342'%2F%3E\" data-src=\"https:\/\/www.obstgut-bonhausen.de\/wp-content\/uploads\/2017\/03\/annika-540x342.jpg\" data-srcset=\"https:\/\/www.obstgut-bonhausen.de\/wp-content\/uploads\/2017\/03\/annika-540x342.jpg 540w, https:\/\/www.obstgut-bonhausen.de\/wp-content\/uploads\/2017\/03\/annika-812x514.jpg 812w\" alt=\"\" width=\"540\" height=\"342\"  \/><\/a>\t<\/figure>\n<\/article>\n\n<\/li><li class=\"fs-entry\">\n<article class=\"post post-564 attachment type-attachment status-inherit hentry no-img description-off\">\n\n\t<figure class=\"rollover-project links-hovers-disabled\">\n\t<a href=\"https:\/\/www.obstgut-bonhausen.de\/wp-content\/uploads\/2017\/03\/eislaufen.jpg\" class=\"rollover rollover-zoom dt-mfp-item mfp-image layzr-bg\" title=\"eislaufen\" data-dt-img-description=\"\" ><img class=\"lazy-load preload-me\" src=\"data:image\/svg+xml;charset=utf-8,%3Csvg xmlns%3D'http%3A%2F%2Fwww.w3.org%2F2000%2Fsvg' viewBox%3D'0 0 540 342'%2F%3E\" data-src=\"https:\/\/www.obstgut-bonhausen.de\/wp-content\/uploads\/2017\/03\/eislaufen-540x342.jpg\" data-srcset=\"https:\/\/www.obstgut-bonhausen.de\/wp-content\/uploads\/2017\/03\/eislaufen-540x342.jpg 540w, https:\/\/www.obstgut-bonhausen.de\/wp-content\/uploads\/2017\/03\/eislaufen-813x514.jpg 813w\" alt=\"\" width=\"540\" height=\"342\"  \/><\/a>\t<\/figure>\n<\/article>\n\n<\/li><li class=\"fs-entry\">\n<article class=\"post post-565 attachment type-attachment status-inherit hentry no-img description-off\">\n\n\t<figure class=\"rollover-project links-hovers-disabled\">\n\t<a href=\"https:\/\/www.obstgut-bonhausen.de\/wp-content\/uploads\/2017\/03\/familie.jpg\" class=\"rollover rollover-zoom dt-mfp-item mfp-image layzr-bg\" title=\"familie\" data-dt-img-description=\"\" ><img class=\"lazy-load preload-me\" src=\"data:image\/svg+xml;charset=utf-8,%3Csvg xmlns%3D'http%3A%2F%2Fwww.w3.org%2F2000%2Fsvg' viewBox%3D'0 0 540 342'%2F%3E\" data-src=\"https:\/\/www.obstgut-bonhausen.de\/wp-content\/uploads\/2017\/03\/familie-540x342.jpg\" data-srcset=\"https:\/\/www.obstgut-bonhausen.de\/wp-content\/uploads\/2017\/03\/familie-540x342.jpg 540w, https:\/\/www.obstgut-bonhausen.de\/wp-content\/uploads\/2017\/03\/familie-813x514.jpg 813w\" alt=\"\" width=\"540\" height=\"342\"  \/><\/a>\t<\/figure>\n<\/article>\n\n<\/li><li class=\"fs-entry\">\n<article class=\"post post-566 attachment type-attachment status-inherit hentry no-img description-off\">\n\n\t<figure class=\"rollover-project links-hovers-disabled\">\n\t<a href=\"https:\/\/www.obstgut-bonhausen.de\/wp-content\/uploads\/2017\/03\/hasen.jpg\" class=\"rollover rollover-zoom dt-mfp-item mfp-image layzr-bg\" title=\"hasen\" data-dt-img-description=\"\" ><img class=\"lazy-load preload-me\" src=\"data:image\/svg+xml;charset=utf-8,%3Csvg xmlns%3D'http%3A%2F%2Fwww.w3.org%2F2000%2Fsvg' viewBox%3D'0 0 540 342'%2F%3E\" data-src=\"https:\/\/www.obstgut-bonhausen.de\/wp-content\/uploads\/2017\/03\/hasen-540x342.jpg\" data-srcset=\"https:\/\/www.obstgut-bonhausen.de\/wp-content\/uploads\/2017\/03\/hasen-540x342.jpg 540w, https:\/\/www.obstgut-bonhausen.de\/wp-content\/uploads\/2017\/03\/hasen-813x514.jpg 813w\" alt=\"\" width=\"540\" height=\"342\"  \/><\/a>\t<\/figure>\n<\/article>\n\n<\/li><li class=\"fs-entry\">\n<article class=\"post post-567 attachment type-attachment status-inherit hentry no-img description-off\">\n\n\t<figure class=\"rollover-project links-hovers-disabled\">\n\t<a href=\"https:\/\/www.obstgut-bonhausen.de\/wp-content\/uploads\/2017\/03\/hund-1.jpg\" class=\"rollover rollover-zoom dt-mfp-item mfp-image layzr-bg\" title=\"hund\" data-dt-img-description=\"\" ><img class=\"lazy-load preload-me\" src=\"data:image\/svg+xml;charset=utf-8,%3Csvg xmlns%3D'http%3A%2F%2Fwww.w3.org%2F2000%2Fsvg' viewBox%3D'0 0 540 342'%2F%3E\" data-src=\"https:\/\/www.obstgut-bonhausen.de\/wp-content\/uploads\/2017\/03\/hund-1-540x342.jpg\" data-srcset=\"https:\/\/www.obstgut-bonhausen.de\/wp-content\/uploads\/2017\/03\/hund-1-540x342.jpg 540w, https:\/\/www.obstgut-bonhausen.de\/wp-content\/uploads\/2017\/03\/hund-1-813x514.jpg 813w\" alt=\"\" width=\"540\" height=\"342\"  \/><\/a>\t<\/figure>\n<\/article>\n\n<\/li><li class=\"fs-entry\">\n<article class=\"post post-568 attachment type-attachment status-inherit hentry no-img description-off\">\n\n\t<figure class=\"rollover-project links-hovers-disabled\">\n\t<a href=\"https:\/\/www.obstgut-bonhausen.de\/wp-content\/uploads\/2017\/03\/polen.jpg\" class=\"rollover rollover-zoom dt-mfp-item mfp-image layzr-bg\" title=\"polen\" data-dt-img-description=\"\" ><img class=\"lazy-load preload-me\" src=\"data:image\/svg+xml;charset=utf-8,%3Csvg xmlns%3D'http%3A%2F%2Fwww.w3.org%2F2000%2Fsvg' viewBox%3D'0 0 540 342'%2F%3E\" data-src=\"https:\/\/www.obstgut-bonhausen.de\/wp-content\/uploads\/2017\/03\/polen-540x342.jpg\" data-srcset=\"https:\/\/www.obstgut-bonhausen.de\/wp-content\/uploads\/2017\/03\/polen-540x342.jpg 540w, https:\/\/www.obstgut-bonhausen.de\/wp-content\/uploads\/2017\/03\/polen-813x514.jpg 813w\" alt=\"\" width=\"540\" height=\"342\"  \/><\/a>\t<\/figure>\n<\/article>\n\n<\/li><li class=\"fs-entry\">\n<article class=\"post post-569 attachment type-attachment status-inherit hentry no-img description-off\">\n\n\t<figure class=\"rollover-project links-hovers-disabled\">\n\t<a href=\"https:\/\/www.obstgut-bonhausen.de\/wp-content\/uploads\/2017\/03\/ruhen.jpg\" class=\"rollover rollover-zoom dt-mfp-item mfp-image layzr-bg\" title=\"ruhen\" data-dt-img-description=\"\" ><img class=\"lazy-load preload-me\" src=\"data:image\/svg+xml;charset=utf-8,%3Csvg xmlns%3D'http%3A%2F%2Fwww.w3.org%2F2000%2Fsvg' viewBox%3D'0 0 540 342'%2F%3E\" data-src=\"https:\/\/www.obstgut-bonhausen.de\/wp-content\/uploads\/2017\/03\/ruhen-540x342.jpg\" data-srcset=\"https:\/\/www.obstgut-bonhausen.de\/wp-content\/uploads\/2017\/03\/ruhen-540x342.jpg 540w, https:\/\/www.obstgut-bonhausen.de\/wp-content\/uploads\/2017\/03\/ruhen-813x514.jpg 813w\" alt=\"\" width=\"540\" height=\"342\"  \/><\/a>\t<\/figure>\n<\/article>\n\n<\/li><li class=\"fs-entry\">\n<article class=\"post post-570 attachment type-attachment status-inherit hentry no-img description-off\">\n\n\t<figure class=\"rollover-project links-hovers-disabled\">\n\t<a href=\"https:\/\/www.obstgut-bonhausen.de\/wp-content\/uploads\/2017\/03\/spass.jpg\" class=\"rollover rollover-zoom dt-mfp-item mfp-image layzr-bg\" title=\"spass\" data-dt-img-description=\"\" ><img class=\"lazy-load preload-me\" src=\"data:image\/svg+xml;charset=utf-8,%3Csvg xmlns%3D'http%3A%2F%2Fwww.w3.org%2F2000%2Fsvg' viewBox%3D'0 0 540 342'%2F%3E\" data-src=\"https:\/\/www.obstgut-bonhausen.de\/wp-content\/uploads\/2017\/03\/spass-540x342.jpg\" data-srcset=\"https:\/\/www.obstgut-bonhausen.de\/wp-content\/uploads\/2017\/03\/spass-540x342.jpg 540w, https:\/\/www.obstgut-bonhausen.de\/wp-content\/uploads\/2017\/03\/spass-813x514.jpg 813w\" alt=\"\" width=\"540\" height=\"342\"  \/><\/a>\t<\/figure>\n<\/article>\n\n<\/li><li class=\"fs-entry\">\n<article class=\"post post-571 attachment type-attachment status-inherit hentry no-img description-off\">\n\n\t<figure class=\"rollover-project links-hovers-disabled\">\n\t<a href=\"https:\/\/www.obstgut-bonhausen.de\/wp-content\/uploads\/2017\/03\/spass2.jpg\" class=\"rollover rollover-zoom dt-mfp-item mfp-image layzr-bg\" title=\"spass2\" data-dt-img-description=\"\" ><img class=\"lazy-load preload-me\" src=\"data:image\/svg+xml;charset=utf-8,%3Csvg xmlns%3D'http%3A%2F%2Fwww.w3.org%2F2000%2Fsvg' viewBox%3D'0 0 540 342'%2F%3E\" data-src=\"https:\/\/www.obstgut-bonhausen.de\/wp-content\/uploads\/2017\/03\/spass2-540x342.jpg\" data-srcset=\"https:\/\/www.obstgut-bonhausen.de\/wp-content\/uploads\/2017\/03\/spass2-540x342.jpg 540w, https:\/\/www.obstgut-bonhausen.de\/wp-content\/uploads\/2017\/03\/spass2-813x514.jpg 813w\" alt=\"\" width=\"540\" height=\"342\"  \/><\/a>\t<\/figure>\n<\/article>\n\n<\/li><li class=\"fs-entry\">\n<article class=\"post post-572 attachment type-attachment status-inherit hentry no-img description-off\">\n\n\t<figure class=\"rollover-project links-hovers-disabled\">\n\t<a href=\"https:\/\/www.obstgut-bonhausen.de\/wp-content\/uploads\/2017\/03\/spass3.jpg\" class=\"rollover rollover-zoom dt-mfp-item mfp-image layzr-bg\" title=\"spass3\" data-dt-img-description=\"\" ><img class=\"lazy-load preload-me\" src=\"data:image\/svg+xml;charset=utf-8,%3Csvg xmlns%3D'http%3A%2F%2Fwww.w3.org%2F2000%2Fsvg' viewBox%3D'0 0 540 342'%2F%3E\" data-src=\"https:\/\/www.obstgut-bonhausen.de\/wp-content\/uploads\/2017\/03\/spass3-540x342.jpg\" data-srcset=\"https:\/\/www.obstgut-bonhausen.de\/wp-content\/uploads\/2017\/03\/spass3-540x342.jpg 540w, https:\/\/www.obstgut-bonhausen.de\/wp-content\/uploads\/2017\/03\/spass3-813x514.jpg 813w\" alt=\"\" width=\"540\" height=\"342\"  \/><\/a>\t<\/figure>\n<\/article>\n\n<\/li><\/ul><\/div><div class=\"prev\"><i><\/i><\/div><div class=\"next\"><i><\/i><\/div><\/div>[\/vc_column][vc_column width=&#8220;1\/2&#8243; css=&#8220;.vc_custom_1480454734426{padding-right: 60px !important;}&#8220;][vc_custom_heading text=&#8220;Auf dem Hof geht die Arbeit nie aus. Daher gilt bei uns, dass jeder m\u00f6glichst in dem Bereich arbeitet der ihm Spa\u00df macht, denn dann ist er darin erfolgreich.&#8220; use_theme_fonts=&#8220;yes&#8220; css=&#8220;.vc_custom_1487624067747{margin-bottom: 40px !important;}&#8220;][vc_column_text]<\/p>\n<p class=\"p1\"><span class=\"s1\">Dennoch sind Auszeiten notwendig um neue Kraft zu sch\u00f6pfen. <\/span><\/p>\n<p class=\"p1\">Die Erntehelfer treffen sich oft abends auf der Dachterrasse bei einem gemeinsamen Umtrunk.<\/p>\n<p>Das neue Arbeiterhaus bietet den Helfern gen\u00fcgend Raum um nach einem anstrengenden Tag Entspannung zu finden. \u00d6fters bekommen wir von ihnen frisch gebackenes Brot oder bei einem Geburtstag auch schon einmal eine Torte, von der sich ein Konditor etwas abschauen k\u00f6nnte.<\/p>\n<p>Im Sommer bietet unser Teich eine ideale Abk\u00fchlung f\u00fcr alle Generationen. Manchmal gen\u00fcgt es aber auch nur mit einem Buch im Liegestuhl die Ruhe zu genie\u00dfen. Denn die gibt es in Bonhausen wirklich noch. Nur ab und zu verirren sich ein paar Radfahrer zu uns, da die Stra\u00dfe hier aufh\u00f6rt. Danach gibt es nur noch Wiesen, Obstb\u00e4ume und ein wundersch\u00f6nes Feuchtgebiet. Die Kinder genie\u00dfen diesen\u00a0 Freiraum f\u00fcr viel Kreativit\u00e4t und Unternehmungen in der Natur.[\/vc_column_text]<div class=\" vc_custom_1491336377234 ubtn-ctn-left \"><a class=\"ubtn-link ult-adjust-bottom-margin ubtn-left ubtn-normal \" href = \"http:\/\/www.obstgut-bonhausen.de\/obstbau\/bio-obstgut-bonhausen\" target='' ><button type=\"button\" id=\"ubtn-7060\" class=\"ubtn ult-adjust-bottom-margin ult-responsive ubtn-normal ubtn-fade-bg  ulta-hover  ubtn-sep-icon ubtn-sep-icon-at-right  ubtn-left   tooltip-69f1cdc74540e\"  data-hover=\"#dd3333\" data-border-color=\"\" data-bg=\"#ffffff\" data-hover-bg=\"rgba(255,255,255,0.58)\" data-border-hover=\"\" data-shadow-hover=\"\" data-shadow-click=\"none\" data-shadow=\"\" data-shd-shadow=\"\"  data-ultimate-target='#ubtn-7060'  data-responsive-json-new='{\"font-size\":\"desktop:22px;\",\"line-height\":\"desktop:20px;\"}'  style=\"font-family:'Cormorant Garamond';font-style:italic;font-weight:500;border:none;background: #ffffff;color: #c65948;\"><span class=\"ubtn-data ubtn-icon\"><i class=\"Defaults-angle-right\" style=\"font-size:15px;color:#dd3333;\"><\/i><\/span><span class=\"ubtn-hover\" style=\"background-color:rgba(255,255,255,0.58)\"><\/span><span class=\"ubtn-data ubtn-text \" >Das Bio-Obstgut<\/span><\/button><\/a><\/div>[\/vc_column][\/vc_row][vc_row][vc_column][vc_single_image image=&#8220;134&#8243; img_size=&#8220;full&#8220; css=&#8220;.vc_custom_1489089972077{padding-top: 60px !important;}&#8220;][vc_column_text css=&#8220;.vc_custom_1487624123744{margin-top: 30px !important;margin-bottom: 50px !important;}&#8220;]<\/p>\n<h5 style=\"text-align: center;\"><span style=\"color: #ffcc00;\">\u00bb<\/span><strong><span style=\"color: #ffcc00;\">\u00a0<\/span><\/strong>Wenn wir imstande sind, zu lieben, was wir tun, dann werden wir es auch gut tun.<\/h5>\n<p style=\"text-align: center;\">John O\u2019Donohue<\/p>\n<p>[\/vc_column_text][vc_single_image image=&#8220;709&#8243; img_size=&#8220;large&#8220; css=&#8220;.vc_custom_1491507074264{padding-top: 60px !important;padding-bottom: 50px !important;}&#8220;][\/vc_column][\/vc_row][vc_row type=&#8220;vc_default&#8220; full_width=&#8220;stretch_row_content_no_spaces&#8220; margin_top=&#8220;50px&#8220; full_width_row=&#8220;true&#8220;][vc_column]<div class=\"ult-content-box-container \" >\t\t<div class=\"ult-content-box\" style=\"background-image:url('https:\/\/www.obstgut-bonhausen.de\/wp-content\/uploads\/2016\/10\/footer-trenner-1-1024x121.jpg');background-size: contain;background-repeat: no-repeat;background-position: top;background-color: rgba(0, 0, 0, 0);box-shadow: 1px 1px 3px 3px #efefef none;padding-top:70px;-webkit-transition: all 700ms ease;-moz-transition: all 700ms ease;-ms-transition: all 700ms ease;-o-transition: all 700ms ease;transition: all 700ms ease;\"  data-hover_box_shadow=\"none\"    >[vc_row_inner css=&#8220;.vc_custom_1480454850931{margin-right: 0px !important;margin-left: 0px !important;border-right-width: 0px !important;border-left-width: 0px !important;padding-top: 50px !important;padding-right: 0px !important;padding-bottom: 50px !important;padding-left: 0px !important;background-color: #fff5da !important;}&#8220;][vc_column_inner width=&#8220;1\/3&#8243;][\/vc_column_inner][vc_column_inner width=&#8220;1\/3&#8243;][vc_column_text css=&#8220;.vc_custom_1491507476408{margin-bottom: 50px !important;}&#8220; el_class=&#8220;footer_nav&#8220;]<\/p>\n<p style=\"text-align: center;\"><a href=\"http:\/\/obstgut-bonhausen.de\/impressum\">Impressum<\/a> \u00a0 \u00a0 \u00a0 <a href=\"http:\/\/obstgut-bonhausen.de\/datenschutzerklaerung\">Datenschutzerkl\u00e4rung<\/a> \u00a0 \u00a0 \u00a0 <a href=\"http:\/\/obstgut-bonhausen.de\/kontakt\">Kontakt<\/a><\/p>\n<p style=\"text-align: center;\">\u00a9 2017 Obstgut Bonhausen<\/p>\n<p>[\/vc_column_text][vc_single_image image=&#8220;158&#8243; img_size=&#8220;&#8220; alignment=&#8220;center&#8220;][\/vc_column_inner][vc_column_inner width=&#8220;1\/3&#8243;][vc_single_image image=&#8220;170&#8243;][\/vc_column_inner][\/vc_row_inner]\t\t<\/div><\/div>[\/vc_column][\/vc_row]<\/p>\n","protected":false},"excerpt":{"rendered":"<p>[vc_row][vc_column width=&#8220;1\/2&#8243;][vc_custom_heading text=&#8220;Das Leben auf unserem Bio-Hof&#8220; font_container=&#8220;tag:h1|text_align:right&#8220; use_theme_fonts=&#8220;yes&#8220; css=&#8220;.vc_custom_1488572921702{padding-bottom: 60px !important;padding-left: 100px !important;}&#8220;][\/vc_column][vc_column width=&#8220;1\/2&#8243; css=&#8220;.vc_custom_1480454734426{padding-right: 60px !important;}&#8220;][vc_custom_heading text=&#8220;Auf dem Hof geht die Arbeit nie aus. Daher gilt bei uns, dass jeder m\u00f6glichst in dem Bereich arbeitet der ihm Spa\u00df macht, denn dann ist er darin erfolgreich.&#8220; use_theme_fonts=&#8220;yes&#8220; css=&#8220;.vc_custom_1487624067747{margin-bottom: 40px !important;}&#8220;][vc_column_text] Dennoch sind Auszeiten notwendig&hellip;<\/p>\n","protected":false},"author":1,"featured_media":0,"parent":0,"menu_order":0,"comment_status":"closed","ping_status":"closed","template":"","meta":{"_monsterinsights_skip_tracking":false,"_monsterinsights_sitenote_active":false,"_monsterinsights_sitenote_note":"","_monsterinsights_sitenote_category":0},"_links":{"self":[{"href":"https:\/\/www.obstgut-bonhausen.de\/index.php?rest_route=\/wp\/v2\/pages\/19"}],"collection":[{"href":"https:\/\/www.obstgut-bonhausen.de\/index.php?rest_route=\/wp\/v2\/pages"}],"about":[{"href":"https:\/\/www.obstgut-bonhausen.de\/index.php?rest_route=\/wp\/v2\/types\/page"}],"author":[{"embeddable":true,"href":"https:\/\/www.obstgut-bonhausen.de\/index.php?rest_route=\/wp\/v2\/users\/1"}],"replies":[{"embeddable":true,"href":"https:\/\/www.obstgut-bonhausen.de\/index.php?rest_route=%2Fwp%2Fv2%2Fcomments&post=19"}],"version-history":[{"count":15,"href":"https:\/\/www.obstgut-bonhausen.de\/index.php?rest_route=\/wp\/v2\/pages\/19\/revisions"}],"predecessor-version":[{"id":770,"href":"https:\/\/www.obstgut-bonhausen.de\/index.php?rest_route=\/wp\/v2\/pages\/19\/revisions\/770"}],"wp:attachment":[{"href":"https:\/\/www.obstgut-bonhausen.de\/index.php?rest_route=%2Fwp%2Fv2%2Fmedia&parent=19"}],"curies":[{"name":"wp","href":"https:\/\/api.w.org\/{rel}","templated":true}]}}